


{"id":1363,"date":"2022-07-14T15:34:00","date_gmt":"2022-07-14T15:34:00","guid":{"rendered":"https:\/\/nunesematos.pt\/penderies\/"},"modified":"2026-04-29T20:59:44","modified_gmt":"2026-04-29T20:59:44","slug":"penderies","status":"publish","type":"page","link":"https:\/\/nunesematos.pt\/fr\/penderies\/","title":{"rendered":"Penderies"},"content":{"rendered":"\t\t<div data-elementor-type=\"wp-page\" data-elementor-id=\"1363\" class=\"elementor elementor-1363 elementor-256\" data-elementor-post-type=\"page\">\n\t\t\t\t\t\t<section class=\"elementor-section elementor-top-section elementor-element elementor-element-5cebe4c4 elementor-section-boxed elementor-section-height-default elementor-section-height-default\" data-id=\"5cebe4c4\" data-element_type=\"section\" data-e-type=\"section\" data-settings=\"{&quot;background_background&quot;:&quot;classic&quot;}\">\n\t\t\t\t\t\t\t<div class=\"elementor-background-overlay\"><\/div>\n\t\t\t\t\t\t\t<div class=\"elementor-container elementor-column-gap-wide\">\n\t\t\t\t\t<div class=\"elementor-column elementor-col-100 elementor-top-column elementor-element elementor-element-9d2e12b\" data-id=\"9d2e12b\" data-element_type=\"column\" data-e-type=\"column\">\n\t\t\t<div class=\"elementor-widget-wrap elementor-element-populated\">\n\t\t\t\t\t\t<div class=\"elementor-element elementor-element-2ff71a1 elementor-widget elementor-widget-heading\" data-id=\"2ff71a1\" data-element_type=\"widget\" data-e-type=\"widget\" data-widget_type=\"heading.default\">\n\t\t\t\t<div class=\"elementor-widget-container\">\n\t\t\t\t\t<h1 class=\"elementor-heading-title elementor-size-default\">Armoires sur mesure<\/h1>\t\t\t\t<\/div>\n\t\t\t\t<\/div>\n\t\t\t\t<div class=\"elementor-element elementor-element-f1a09c4 elementor-widget-divider--view-line elementor-widget elementor-widget-divider\" data-id=\"f1a09c4\" data-element_type=\"widget\" data-e-type=\"widget\" data-widget_type=\"divider.default\">\n\t\t\t\t<div class=\"elementor-widget-container\">\n\t\t\t\t\t\t\t<div class=\"elementor-divider\">\n\t\t\t<span class=\"elementor-divider-separator\">\n\t\t\t\t\t\t<\/span>\n\t\t<\/div>\n\t\t\t\t\t\t<\/div>\n\t\t\t\t<\/div>\n\t\t\t\t<div class=\"elementor-element elementor-element-7c3f82e6 elementor-widget elementor-widget-text-editor\" data-id=\"7c3f82e6\" data-element_type=\"widget\" data-e-type=\"widget\" data-widget_type=\"text-editor.default\">\n\t\t\t\t<div class=\"elementor-widget-container\">\n\t\t\t\t\t\t\t\t\t<p class=\"p1\">Armoires sur mesure avec organisation intelligente. Solutions fonctionnelles et esth\u00e9tiques.<\/p>\t\t\t\t\t\t\t\t<\/div>\n\t\t\t\t<\/div>\n\t\t\t\t\t<\/div>\n\t\t<\/div>\n\t\t\t\t\t<\/div>\n\t\t<\/section>\n\t\t\t\t<section class=\"elementor-section elementor-top-section elementor-element elementor-element-63fec43c elementor-section-boxed elementor-section-height-default elementor-section-height-default\" data-id=\"63fec43c\" data-element_type=\"section\" data-e-type=\"section\">\n\t\t\t\t\t\t<div class=\"elementor-container elementor-column-gap-wide\">\n\t\t\t\t\t<div class=\"elementor-column elementor-col-50 elementor-top-column elementor-element elementor-element-74b1b391\" data-id=\"74b1b391\" data-element_type=\"column\" data-e-type=\"column\" data-settings=\"{&quot;background_background&quot;:&quot;classic&quot;}\">\n\t\t\t<div class=\"elementor-widget-wrap elementor-element-populated\">\n\t\t\t\t\t\t<div class=\"elementor-element elementor-element-6fd97124 elementor-widget elementor-widget-image\" data-id=\"6fd97124\" data-element_type=\"widget\" data-e-type=\"widget\" data-widget_type=\"image.default\">\n\t\t\t\t<div class=\"elementor-widget-container\">\n\t\t\t\t\t\t\t\t\t\t\t\t\t\t\t<img fetchpriority=\"high\" decoding=\"async\" width=\"800\" height=\"800\" src=\"https:\/\/nunesematos.pt\/wp-content\/uploads\/2026\/04\/Roupeiro-1-1024x1024.png\" class=\"attachment-large size-large wp-image-2195\" alt=\"\" srcset=\"https:\/\/nunesematos.pt\/wp-content\/uploads\/2026\/04\/Roupeiro-1-1024x1024.png 1024w, https:\/\/nunesematos.pt\/wp-content\/uploads\/2026\/04\/Roupeiro-1-300x300.png 300w, https:\/\/nunesematos.pt\/wp-content\/uploads\/2026\/04\/Roupeiro-1-150x150.png 150w, https:\/\/nunesematos.pt\/wp-content\/uploads\/2026\/04\/Roupeiro-1-768x768.png 768w, https:\/\/nunesematos.pt\/wp-content\/uploads\/2026\/04\/Roupeiro-1.png 1080w\" sizes=\"(max-width: 800px) 100vw, 800px\" \/>\t\t\t\t\t\t\t\t\t\t\t\t\t\t\t<\/div>\n\t\t\t\t<\/div>\n\t\t\t\t\t<\/div>\n\t\t<\/div>\n\t\t\t\t<div class=\"elementor-column elementor-col-50 elementor-top-column elementor-element elementor-element-2336a94d\" data-id=\"2336a94d\" data-element_type=\"column\" data-e-type=\"column\">\n\t\t\t<div class=\"elementor-widget-wrap elementor-element-populated\">\n\t\t\t\t\t\t<div class=\"elementor-element elementor-element-29a14806 elementor-widget elementor-widget-heading\" data-id=\"29a14806\" data-element_type=\"widget\" data-e-type=\"widget\" data-widget_type=\"heading.default\">\n\t\t\t\t<div class=\"elementor-widget-container\">\n\t\t\t\t\t<h2 class=\"elementor-heading-title elementor-size-default\">Des armoires con\u00e7ues dans les moindres d\u00e9tails<\/h2>\t\t\t\t<\/div>\n\t\t\t\t<\/div>\n\t\t\t\t<div class=\"elementor-element elementor-element-69428b1a elementor-widget elementor-widget-text-editor\" data-id=\"69428b1a\" data-element_type=\"widget\" data-e-type=\"widget\" data-widget_type=\"text-editor.default\">\n\t\t\t\t<div class=\"elementor-widget-container\">\n\t\t\t\t\t\t\t\t\t<p>Nous cr\u00e9ons des armoires sur mesure adapt\u00e9es \u00e0 votre espace et \u00e0 vos besoins.<\/p><p>Chaque projet est d\u00e9velopp\u00e9 en mettant l&rsquo;accent sur l&rsquo;organisation, la fonctionnalit\u00e9 et l&rsquo;esth\u00e9tique, garantissant ainsi des solutions pratiques pour la vie quotidienne.<\/p>\t\t\t\t\t\t\t\t<\/div>\n\t\t\t\t<\/div>\n\t\t\t\t\t<\/div>\n\t\t<\/div>\n\t\t\t\t\t<\/div>\n\t\t<\/section>\n\t\t\t\t<section class=\"elementor-section elementor-top-section elementor-element elementor-element-5fb2f466 elementor-reverse-tablet elementor-reverse-mobile elementor-section-boxed elementor-section-height-default elementor-section-height-default\" data-id=\"5fb2f466\" data-element_type=\"section\" data-e-type=\"section\">\n\t\t\t\t\t\t<div class=\"elementor-container elementor-column-gap-wide\">\n\t\t\t\t\t<div class=\"elementor-column elementor-col-50 elementor-top-column elementor-element elementor-element-45493ede\" data-id=\"45493ede\" data-element_type=\"column\" data-e-type=\"column\">\n\t\t\t<div class=\"elementor-widget-wrap elementor-element-populated\">\n\t\t\t\t\t\t<div class=\"elementor-element elementor-element-5b69acb5 elementor-widget elementor-widget-heading\" data-id=\"5b69acb5\" data-element_type=\"widget\" data-e-type=\"widget\" data-widget_type=\"heading.default\">\n\t\t\t\t<div class=\"elementor-widget-container\">\n\t\t\t\t\t<h2 class=\"elementor-heading-title elementor-size-default\">L'\u00e9quilibre entre design et fonctionnalit\u00e9<\/h2>\t\t\t\t<\/div>\n\t\t\t\t<\/div>\n\t\t\t\t<div class=\"elementor-element elementor-element-d5e4d99 elementor-widget elementor-widget-text-editor\" data-id=\"d5e4d99\" data-element_type=\"widget\" data-e-type=\"widget\" data-widget_type=\"text-editor.default\">\n\t\t\t\t<div class=\"elementor-widget-container\">\n\t\t\t\t\t\t\t\t\t<p>Nous d\u00e9veloppons des solutions qui tirent le meilleur parti de l&rsquo;espace, avec une organisation intelligente et des finitions soign\u00e9es.<\/p><p>Chaque armoire est con\u00e7ue pour \u00eatre durable, fonctionnelle et visuellement int\u00e9gr\u00e9e \u00e0 l&rsquo;environnement.<\/p>\t\t\t\t\t\t\t\t<\/div>\n\t\t\t\t<\/div>\n\t\t\t\t\t<\/div>\n\t\t<\/div>\n\t\t\t\t<div class=\"elementor-column elementor-col-50 elementor-top-column elementor-element elementor-element-24dfdbc\" data-id=\"24dfdbc\" data-element_type=\"column\" data-e-type=\"column\" data-settings=\"{&quot;background_background&quot;:&quot;classic&quot;}\">\n\t\t\t<div class=\"elementor-widget-wrap elementor-element-populated\">\n\t\t\t\t\t\t<div class=\"elementor-element elementor-element-60454b50 elementor-widget elementor-widget-image\" data-id=\"60454b50\" data-element_type=\"widget\" data-e-type=\"widget\" data-widget_type=\"image.default\">\n\t\t\t\t<div class=\"elementor-widget-container\">\n\t\t\t\t\t\t\t\t\t\t\t\t\t\t\t<img decoding=\"async\" width=\"800\" height=\"800\" src=\"https:\/\/nunesematos.pt\/wp-content\/uploads\/2026\/04\/Roupeiro-2-1024x1024.png\" class=\"attachment-large size-large wp-image-2198\" alt=\"\" srcset=\"https:\/\/nunesematos.pt\/wp-content\/uploads\/2026\/04\/Roupeiro-2-1024x1024.png 1024w, https:\/\/nunesematos.pt\/wp-content\/uploads\/2026\/04\/Roupeiro-2-300x300.png 300w, https:\/\/nunesematos.pt\/wp-content\/uploads\/2026\/04\/Roupeiro-2-150x150.png 150w, https:\/\/nunesematos.pt\/wp-content\/uploads\/2026\/04\/Roupeiro-2-768x768.png 768w, https:\/\/nunesematos.pt\/wp-content\/uploads\/2026\/04\/Roupeiro-2.png 1080w\" sizes=\"(max-width: 800px) 100vw, 800px\" \/>\t\t\t\t\t\t\t\t\t\t\t\t\t\t\t<\/div>\n\t\t\t\t<\/div>\n\t\t\t\t\t<\/div>\n\t\t<\/div>\n\t\t\t\t\t<\/div>\n\t\t<\/section>\n\t\t\t\t<section class=\"elementor-section elementor-top-section elementor-element elementor-element-139f0e61 elementor-section-boxed elementor-section-height-default elementor-section-height-default\" data-id=\"139f0e61\" data-element_type=\"section\" data-e-type=\"section\">\n\t\t\t\t\t\t<div class=\"elementor-container elementor-column-gap-wide\">\n\t\t\t\t\t<div class=\"elementor-column elementor-col-100 elementor-top-column elementor-element elementor-element-42b58b55\" data-id=\"42b58b55\" data-element_type=\"column\" data-e-type=\"column\">\n\t\t\t<div class=\"elementor-widget-wrap elementor-element-populated\">\n\t\t\t\t\t\t<div class=\"elementor-element elementor-element-61c171e0 elementor-widget elementor-widget-gallery\" data-id=\"61c171e0\" data-element_type=\"widget\" data-e-type=\"widget\" data-settings=\"{&quot;gallery_layout&quot;:&quot;justified&quot;,&quot;gap&quot;:{&quot;unit&quot;:&quot;px&quot;,&quot;size&quot;:20,&quot;sizes&quot;:[]},&quot;lazyload&quot;:&quot;yes&quot;,&quot;ideal_row_height&quot;:{&quot;unit&quot;:&quot;px&quot;,&quot;size&quot;:200,&quot;sizes&quot;:[]},&quot;ideal_row_height_tablet&quot;:{&quot;unit&quot;:&quot;px&quot;,&quot;size&quot;:150,&quot;sizes&quot;:[]},&quot;ideal_row_height_mobile&quot;:{&quot;unit&quot;:&quot;px&quot;,&quot;size&quot;:150,&quot;sizes&quot;:[]},&quot;gap_tablet&quot;:{&quot;unit&quot;:&quot;px&quot;,&quot;size&quot;:10,&quot;sizes&quot;:[]},&quot;gap_mobile&quot;:{&quot;unit&quot;:&quot;px&quot;,&quot;size&quot;:10,&quot;sizes&quot;:[]},&quot;link_to&quot;:&quot;file&quot;,&quot;overlay_background&quot;:&quot;yes&quot;,&quot;content_hover_animation&quot;:&quot;fade-in&quot;}\" data-widget_type=\"gallery.default\">\n\t\t\t\t<div class=\"elementor-widget-container\">\n\t\t\t\t\t\t\t<div class=\"elementor-gallery__container\">\n\t\t\t\t\t\t\t<a class=\"e-gallery-item elementor-gallery-item elementor-animated-content\" href=\"https:\/\/nunesematos.pt\/wp-content\/uploads\/2026\/04\/Roupeiro-3.png\" data-elementor-open-lightbox=\"yes\" data-elementor-lightbox-slideshow=\"61c171e0\" data-elementor-lightbox-title=\"Roupeiro 3\" data-e-action-hash=\"#elementor-action%3Aaction%3Dlightbox%26settings%3DeyJpZCI6MjIwMSwidXJsIjoiaHR0cHM6XC9cL251bmVzZW1hdG9zLnB0XC93cC1jb250ZW50XC91cGxvYWRzXC8yMDI2XC8wNFwvUm91cGVpcm8tMy5wbmciLCJzbGlkZXNob3ciOiI2MWMxNzFlMCJ9\">\n\t\t\t\t\t<div class=\"e-gallery-image elementor-gallery-item__image\" data-thumbnail=\"https:\/\/nunesematos.pt\/wp-content\/uploads\/2026\/04\/Roupeiro-3.png\" data-width=\"1080\" data-height=\"1080\" aria-label=\"\" role=\"img\" ><\/div>\n\t\t\t\t\t\t\t\t\t\t\t<div class=\"elementor-gallery-item__overlay\"><\/div>\n\t\t\t\t\t\t\t\t\t\t\t\t\t\t<\/a>\n\t\t\t\t\t\t\t<a class=\"e-gallery-item elementor-gallery-item elementor-animated-content\" href=\"https:\/\/nunesematos.pt\/wp-content\/uploads\/2026\/04\/3.jpg\" data-elementor-open-lightbox=\"yes\" data-elementor-lightbox-slideshow=\"61c171e0\" data-elementor-lightbox-title=\"3\" data-e-action-hash=\"#elementor-action%3Aaction%3Dlightbox%26settings%3DeyJpZCI6MjAwMSwidXJsIjoiaHR0cHM6XC9cL251bmVzZW1hdG9zLnB0XC93cC1jb250ZW50XC91cGxvYWRzXC8yMDI2XC8wNFwvMy5qcGciLCJzbGlkZXNob3ciOiI2MWMxNzFlMCJ9\">\n\t\t\t\t\t<div class=\"e-gallery-image elementor-gallery-item__image\" data-thumbnail=\"https:\/\/nunesematos.pt\/wp-content\/uploads\/2026\/04\/3.jpg\" data-width=\"1080\" data-height=\"720\" aria-label=\"\" role=\"img\" ><\/div>\n\t\t\t\t\t\t\t\t\t\t\t<div class=\"elementor-gallery-item__overlay\"><\/div>\n\t\t\t\t\t\t\t\t\t\t\t\t\t\t<\/a>\n\t\t\t\t\t\t\t<a class=\"e-gallery-item elementor-gallery-item elementor-animated-content\" href=\"https:\/\/nunesematos.pt\/wp-content\/uploads\/2026\/04\/Roupeiro-8.png\" data-elementor-open-lightbox=\"yes\" data-elementor-lightbox-slideshow=\"61c171e0\" data-elementor-lightbox-title=\"Roupeiro 8\" data-e-action-hash=\"#elementor-action%3Aaction%3Dlightbox%26settings%3DeyJpZCI6MjIwNCwidXJsIjoiaHR0cHM6XC9cL251bmVzZW1hdG9zLnB0XC93cC1jb250ZW50XC91cGxvYWRzXC8yMDI2XC8wNFwvUm91cGVpcm8tOC5wbmciLCJzbGlkZXNob3ciOiI2MWMxNzFlMCJ9\">\n\t\t\t\t\t<div class=\"e-gallery-image elementor-gallery-item__image\" data-thumbnail=\"https:\/\/nunesematos.pt\/wp-content\/uploads\/2026\/04\/Roupeiro-8.png\" data-width=\"1080\" data-height=\"1080\" aria-label=\"\" role=\"img\" ><\/div>\n\t\t\t\t\t\t\t\t\t\t\t<div class=\"elementor-gallery-item__overlay\"><\/div>\n\t\t\t\t\t\t\t\t\t\t\t\t\t\t<\/a>\n\t\t\t\t\t\t\t<a class=\"e-gallery-item elementor-gallery-item elementor-animated-content\" href=\"https:\/\/nunesematos.pt\/wp-content\/uploads\/2026\/04\/Destaque-Roupeiros.jpg\" data-elementor-open-lightbox=\"yes\" data-elementor-lightbox-slideshow=\"61c171e0\" data-elementor-lightbox-title=\"Destaque Roupeiros\" data-e-action-hash=\"#elementor-action%3Aaction%3Dlightbox%26settings%3DeyJpZCI6MTk4MSwidXJsIjoiaHR0cHM6XC9cL251bmVzZW1hdG9zLnB0XC93cC1jb250ZW50XC91cGxvYWRzXC8yMDI2XC8wNFwvRGVzdGFxdWUtUm91cGVpcm9zLmpwZyIsInNsaWRlc2hvdyI6IjYxYzE3MWUwIn0%3D\">\n\t\t\t\t\t<div class=\"e-gallery-image elementor-gallery-item__image\" data-thumbnail=\"https:\/\/nunesematos.pt\/wp-content\/uploads\/2026\/04\/Destaque-Roupeiros.jpg\" data-width=\"1080\" data-height=\"720\" aria-label=\"\" role=\"img\" ><\/div>\n\t\t\t\t\t\t\t\t\t\t\t<div class=\"elementor-gallery-item__overlay\"><\/div>\n\t\t\t\t\t\t\t\t\t\t\t\t\t\t<\/a>\n\t\t\t\t\t\t\t<a class=\"e-gallery-item elementor-gallery-item elementor-animated-content\" href=\"https:\/\/nunesematos.pt\/wp-content\/uploads\/2026\/04\/Roupeiro-4.png\" data-elementor-open-lightbox=\"yes\" data-elementor-lightbox-slideshow=\"61c171e0\" data-elementor-lightbox-title=\"Roupeiro 4\" data-e-action-hash=\"#elementor-action%3Aaction%3Dlightbox%26settings%3DeyJpZCI6MjIwNywidXJsIjoiaHR0cHM6XC9cL251bmVzZW1hdG9zLnB0XC93cC1jb250ZW50XC91cGxvYWRzXC8yMDI2XC8wNFwvUm91cGVpcm8tNC5wbmciLCJzbGlkZXNob3ciOiI2MWMxNzFlMCJ9\">\n\t\t\t\t\t<div class=\"e-gallery-image elementor-gallery-item__image\" data-thumbnail=\"https:\/\/nunesematos.pt\/wp-content\/uploads\/2026\/04\/Roupeiro-4.png\" data-width=\"1080\" data-height=\"1080\" aria-label=\"\" role=\"img\" ><\/div>\n\t\t\t\t\t\t\t\t\t\t\t<div class=\"elementor-gallery-item__overlay\"><\/div>\n\t\t\t\t\t\t\t\t\t\t\t\t\t\t<\/a>\n\t\t\t\t\t\t\t<a class=\"e-gallery-item elementor-gallery-item elementor-animated-content\" href=\"https:\/\/nunesematos.pt\/wp-content\/uploads\/2026\/04\/Roupeiro-5.png\" data-elementor-open-lightbox=\"yes\" data-elementor-lightbox-slideshow=\"61c171e0\" data-elementor-lightbox-title=\"Roupeiro 5\" data-e-action-hash=\"#elementor-action%3Aaction%3Dlightbox%26settings%3DeyJpZCI6MjIxMCwidXJsIjoiaHR0cHM6XC9cL251bmVzZW1hdG9zLnB0XC93cC1jb250ZW50XC91cGxvYWRzXC8yMDI2XC8wNFwvUm91cGVpcm8tNS5wbmciLCJzbGlkZXNob3ciOiI2MWMxNzFlMCJ9\">\n\t\t\t\t\t<div class=\"e-gallery-image elementor-gallery-item__image\" data-thumbnail=\"https:\/\/nunesematos.pt\/wp-content\/uploads\/2026\/04\/Roupeiro-5.png\" data-width=\"1080\" data-height=\"1080\" aria-label=\"\" role=\"img\" ><\/div>\n\t\t\t\t\t\t\t\t\t\t\t<div class=\"elementor-gallery-item__overlay\"><\/div>\n\t\t\t\t\t\t\t\t\t\t\t\t\t\t<\/a>\n\t\t\t\t\t\t\t<a class=\"e-gallery-item elementor-gallery-item elementor-animated-content\" href=\"https:\/\/nunesematos.pt\/wp-content\/uploads\/2026\/04\/Banner-Roupeiros.png\" data-elementor-open-lightbox=\"yes\" data-elementor-lightbox-slideshow=\"61c171e0\" data-elementor-lightbox-title=\"Banner Roupeiros\" data-e-action-hash=\"#elementor-action%3Aaction%3Dlightbox%26settings%3DeyJpZCI6MjE5MiwidXJsIjoiaHR0cHM6XC9cL251bmVzZW1hdG9zLnB0XC93cC1jb250ZW50XC91cGxvYWRzXC8yMDI2XC8wNFwvQmFubmVyLVJvdXBlaXJvcy5wbmciLCJzbGlkZXNob3ciOiI2MWMxNzFlMCJ9\">\n\t\t\t\t\t<div class=\"e-gallery-image elementor-gallery-item__image\" data-thumbnail=\"https:\/\/nunesematos.pt\/wp-content\/uploads\/2026\/04\/Banner-Roupeiros.png\" data-width=\"1920\" data-height=\"1080\" aria-label=\"\" role=\"img\" ><\/div>\n\t\t\t\t\t\t\t\t\t\t\t<div class=\"elementor-gallery-item__overlay\"><\/div>\n\t\t\t\t\t\t\t\t\t\t\t\t\t\t<\/a>\n\t\t\t\t\t\t\t<a class=\"e-gallery-item elementor-gallery-item elementor-animated-content\" href=\"https:\/\/nunesematos.pt\/wp-content\/uploads\/2026\/04\/Roupeiro-6.png\" data-elementor-open-lightbox=\"yes\" data-elementor-lightbox-slideshow=\"61c171e0\" data-elementor-lightbox-title=\"Roupeiro 6\" data-e-action-hash=\"#elementor-action%3Aaction%3Dlightbox%26settings%3DeyJpZCI6MjIxMywidXJsIjoiaHR0cHM6XC9cL251bmVzZW1hdG9zLnB0XC93cC1jb250ZW50XC91cGxvYWRzXC8yMDI2XC8wNFwvUm91cGVpcm8tNi5wbmciLCJzbGlkZXNob3ciOiI2MWMxNzFlMCJ9\">\n\t\t\t\t\t<div class=\"e-gallery-image elementor-gallery-item__image\" data-thumbnail=\"https:\/\/nunesematos.pt\/wp-content\/uploads\/2026\/04\/Roupeiro-6.png\" data-width=\"1080\" data-height=\"1080\" aria-label=\"\" role=\"img\" ><\/div>\n\t\t\t\t\t\t\t\t\t\t\t<div class=\"elementor-gallery-item__overlay\"><\/div>\n\t\t\t\t\t\t\t\t\t\t\t\t\t\t<\/a>\n\t\t\t\t\t\t\t<a class=\"e-gallery-item elementor-gallery-item elementor-animated-content\" href=\"https:\/\/nunesematos.pt\/wp-content\/uploads\/2026\/04\/Roupeiro-7.png\" data-elementor-open-lightbox=\"yes\" data-elementor-lightbox-slideshow=\"61c171e0\" data-elementor-lightbox-title=\"Roupeiro 7\" data-e-action-hash=\"#elementor-action%3Aaction%3Dlightbox%26settings%3DeyJpZCI6MjIxNiwidXJsIjoiaHR0cHM6XC9cL251bmVzZW1hdG9zLnB0XC93cC1jb250ZW50XC91cGxvYWRzXC8yMDI2XC8wNFwvUm91cGVpcm8tNy5wbmciLCJzbGlkZXNob3ciOiI2MWMxNzFlMCJ9\">\n\t\t\t\t\t<div class=\"e-gallery-image elementor-gallery-item__image\" data-thumbnail=\"https:\/\/nunesematos.pt\/wp-content\/uploads\/2026\/04\/Roupeiro-7.png\" data-width=\"1080\" data-height=\"1080\" aria-label=\"\" role=\"img\" ><\/div>\n\t\t\t\t\t\t\t\t\t\t\t<div class=\"elementor-gallery-item__overlay\"><\/div>\n\t\t\t\t\t\t\t\t\t\t\t\t\t\t<\/a>\n\t\t\t\t\t<\/div>\n\t\t\t\t\t<\/div>\n\t\t\t\t<\/div>\n\t\t\t\t\t<\/div>\n\t\t<\/div>\n\t\t\t\t\t<\/div>\n\t\t<\/section>\n\t\t\t\t<\/div>\n\t\t","protected":false},"excerpt":{"rendered":"<p>Armoires sur mesure Armoires sur mesure avec organisation intelligente. Solutions fonctionnelles et esth\u00e9tiques. Des armoires con\u00e7ues dans les moindres d\u00e9tails Nous cr\u00e9ons des armoires sur mesure adapt\u00e9es \u00e0 votre espace et \u00e0 vos besoins. Chaque projet est d\u00e9velopp\u00e9 en mettant l&rsquo;accent sur l&rsquo;organisation, la fonctionnalit\u00e9 et l&rsquo;esth\u00e9tique, garantissant ainsi des solutions pratiques pour la vie [&hellip;]<\/p>\n","protected":false},"author":1,"featured_media":0,"parent":0,"menu_order":0,"comment_status":"closed","ping_status":"closed","template":"elementor_header_footer","meta":{"footnotes":""},"class_list":["post-1363","page","type-page","status-publish","hentry"],"_links":{"self":[{"href":"https:\/\/nunesematos.pt\/fr\/wp-json\/wp\/v2\/pages\/1363","targetHints":{"allow":["GET"]}}],"collection":[{"href":"https:\/\/nunesematos.pt\/fr\/wp-json\/wp\/v2\/pages"}],"about":[{"href":"https:\/\/nunesematos.pt\/fr\/wp-json\/wp\/v2\/types\/page"}],"author":[{"embeddable":true,"href":"https:\/\/nunesematos.pt\/fr\/wp-json\/wp\/v2\/users\/1"}],"replies":[{"embeddable":true,"href":"https:\/\/nunesematos.pt\/fr\/wp-json\/wp\/v2\/comments?post=1363"}],"version-history":[{"count":14,"href":"https:\/\/nunesematos.pt\/fr\/wp-json\/wp\/v2\/pages\/1363\/revisions"}],"predecessor-version":[{"id":2776,"href":"https:\/\/nunesematos.pt\/fr\/wp-json\/wp\/v2\/pages\/1363\/revisions\/2776"}],"wp:attachment":[{"href":"https:\/\/nunesematos.pt\/fr\/wp-json\/wp\/v2\/media?parent=1363"}],"curies":[{"name":"wp","href":"https:\/\/api.w.org\/{rel}","templated":true}]}}