


{"id":1364,"date":"2022-07-11T15:37:48","date_gmt":"2022-07-11T15:37:48","guid":{"rendered":"https:\/\/nunesematos.pt\/cuisines\/"},"modified":"2026-04-29T20:56:40","modified_gmt":"2026-04-29T20:56:40","slug":"cuisines","status":"publish","type":"page","link":"https:\/\/nunesematos.pt\/fr\/cuisines\/","title":{"rendered":"Cuisines"},"content":{"rendered":"\t\t<div data-elementor-type=\"wp-page\" data-elementor-id=\"1364\" class=\"elementor elementor-1364 elementor-131\" data-elementor-post-type=\"page\">\n\t\t\t\t\t\t<section class=\"elementor-section elementor-top-section elementor-element elementor-element-6d0646c7 elementor-section-boxed elementor-section-height-default elementor-section-height-default\" data-id=\"6d0646c7\" data-element_type=\"section\" data-e-type=\"section\" data-settings=\"{&quot;background_background&quot;:&quot;classic&quot;}\">\n\t\t\t\t\t\t\t<div class=\"elementor-background-overlay\"><\/div>\n\t\t\t\t\t\t\t<div class=\"elementor-container elementor-column-gap-wide\">\n\t\t\t\t\t<div class=\"elementor-column elementor-col-100 elementor-top-column elementor-element elementor-element-2d2fd041\" data-id=\"2d2fd041\" data-element_type=\"column\" data-e-type=\"column\">\n\t\t\t<div class=\"elementor-widget-wrap elementor-element-populated\">\n\t\t\t\t\t\t<div class=\"elementor-element elementor-element-3dd106a elementor-widget elementor-widget-heading\" data-id=\"3dd106a\" data-element_type=\"widget\" data-e-type=\"widget\" data-widget_type=\"heading.default\">\n\t\t\t\t<div class=\"elementor-widget-container\">\n\t\t\t\t\t<h1 class=\"elementor-heading-title elementor-size-default\">Cuisines<\/h1>\t\t\t\t<\/div>\n\t\t\t\t<\/div>\n\t\t\t\t<div class=\"elementor-element elementor-element-98590da elementor-widget-divider--view-line elementor-widget elementor-widget-divider\" data-id=\"98590da\" data-element_type=\"widget\" data-e-type=\"widget\" data-widget_type=\"divider.default\">\n\t\t\t\t<div class=\"elementor-widget-container\">\n\t\t\t\t\t\t\t<div class=\"elementor-divider\">\n\t\t\t<span class=\"elementor-divider-separator\">\n\t\t\t\t\t\t<\/span>\n\t\t<\/div>\n\t\t\t\t\t\t<\/div>\n\t\t\t\t<\/div>\n\t\t\t\t<div class=\"elementor-element elementor-element-46f71602 elementor-widget elementor-widget-text-editor\" data-id=\"46f71602\" data-element_type=\"widget\" data-e-type=\"widget\" data-widget_type=\"text-editor.default\">\n\t\t\t\t<div class=\"elementor-widget-container\">\n\t\t\t\t\t\t\t\t\t<div class=\"elementor-element elementor-element-750f37b3 elementor-widget elementor-widget-text-editor\" data-id=\"750f37b3\" data-element_type=\"widget\" data-widget_type=\"text-editor.default\"><div class=\"elementor-widget-container\"><p class=\"p1\">Des cuisines sur mesure con\u00e7ues pour votre vie quotidienne.<\/p><\/div><\/div>\t\t\t\t\t\t\t\t<\/div>\n\t\t\t\t<\/div>\n\t\t\t\t\t<\/div>\n\t\t<\/div>\n\t\t\t\t\t<\/div>\n\t\t<\/section>\n\t\t\t\t<section class=\"elementor-section elementor-top-section elementor-element elementor-element-45853901 elementor-section-boxed elementor-section-height-default elementor-section-height-default\" data-id=\"45853901\" data-element_type=\"section\" data-e-type=\"section\">\n\t\t\t\t\t\t<div class=\"elementor-container elementor-column-gap-wide\">\n\t\t\t\t\t<div class=\"elementor-column elementor-col-50 elementor-top-column elementor-element elementor-element-76504b94\" data-id=\"76504b94\" data-element_type=\"column\" data-e-type=\"column\" data-settings=\"{&quot;background_background&quot;:&quot;classic&quot;}\">\n\t\t\t<div class=\"elementor-widget-wrap elementor-element-populated\">\n\t\t\t\t\t\t<div class=\"elementor-element elementor-element-594e0c38 elementor-widget elementor-widget-image\" data-id=\"594e0c38\" data-element_type=\"widget\" data-e-type=\"widget\" data-widget_type=\"image.default\">\n\t\t\t\t<div class=\"elementor-widget-container\">\n\t\t\t\t\t\t\t\t\t\t\t\t\t\t\t<img fetchpriority=\"high\" decoding=\"async\" width=\"800\" height=\"800\" src=\"https:\/\/nunesematos.pt\/wp-content\/uploads\/2026\/04\/Cozinhas-2-1024x1024.jpg\" class=\"attachment-large size-large wp-image-2133\" alt=\"\" srcset=\"https:\/\/nunesematos.pt\/wp-content\/uploads\/2026\/04\/Cozinhas-2-1024x1024.jpg 1024w, https:\/\/nunesematos.pt\/wp-content\/uploads\/2026\/04\/Cozinhas-2-300x300.jpg 300w, https:\/\/nunesematos.pt\/wp-content\/uploads\/2026\/04\/Cozinhas-2-150x150.jpg 150w, https:\/\/nunesematos.pt\/wp-content\/uploads\/2026\/04\/Cozinhas-2-768x768.jpg 768w, https:\/\/nunesematos.pt\/wp-content\/uploads\/2026\/04\/Cozinhas-2.jpg 1080w\" sizes=\"(max-width: 800px) 100vw, 800px\" \/>\t\t\t\t\t\t\t\t\t\t\t\t\t\t\t<\/div>\n\t\t\t\t<\/div>\n\t\t\t\t\t<\/div>\n\t\t<\/div>\n\t\t\t\t<div class=\"elementor-column elementor-col-50 elementor-top-column elementor-element elementor-element-7a5d7c30\" data-id=\"7a5d7c30\" data-element_type=\"column\" data-e-type=\"column\">\n\t\t\t<div class=\"elementor-widget-wrap elementor-element-populated\">\n\t\t\t\t\t\t<div class=\"elementor-element elementor-element-24b27dea elementor-widget elementor-widget-heading\" data-id=\"24b27dea\" data-element_type=\"widget\" data-e-type=\"widget\" data-widget_type=\"heading.default\">\n\t\t\t\t<div class=\"elementor-widget-container\">\n\t\t\t\t\t<h2 class=\"elementor-heading-title elementor-size-default\">Conception, fonctionnalit\u00e9 et qualit\u00e9<\/h2>\t\t\t\t<\/div>\n\t\t\t\t<\/div>\n\t\t\t\t<div class=\"elementor-element elementor-element-95ac985 elementor-widget elementor-widget-text-editor\" data-id=\"95ac985\" data-element_type=\"widget\" data-e-type=\"widget\" data-widget_type=\"text-editor.default\">\n\t\t\t\t<div class=\"elementor-widget-container\">\n\t\t\t\t\t\t\t\t\t<div class=\"et_pb_row et_pb_row_3\"><div class=\"et_pb_column et_pb_column_4_4 et_pb_column_3 et_pb_css_mix_blend_mode_passthrough et-last-child\"><div class=\"et_pb_module et_pb_text et_pb_text_3 et_pb_text_align_left et_pb_bg_layout_light\"><div class=\"et_pb_text_inner\"><p>Bien plus qu&rsquo;un projet de design, nous r\u00e9alisons pour vous une cuisine belle, pratique et plus logique. Parce que nous concevons sur mesure et avec du sens.<\/p><\/div><\/div><\/div><\/div>\t\t\t\t\t\t\t\t<\/div>\n\t\t\t\t<\/div>\n\t\t\t\t\t<\/div>\n\t\t<\/div>\n\t\t\t\t\t<\/div>\n\t\t<\/section>\n\t\t\t\t<section class=\"elementor-section elementor-top-section elementor-element elementor-element-5028f16 elementor-reverse-tablet elementor-reverse-mobile elementor-section-boxed elementor-section-height-default elementor-section-height-default\" data-id=\"5028f16\" data-element_type=\"section\" data-e-type=\"section\">\n\t\t\t\t\t\t<div class=\"elementor-container elementor-column-gap-wide\">\n\t\t\t\t\t<div class=\"elementor-column elementor-col-50 elementor-top-column elementor-element elementor-element-6154d032\" data-id=\"6154d032\" data-element_type=\"column\" data-e-type=\"column\">\n\t\t\t<div class=\"elementor-widget-wrap elementor-element-populated\">\n\t\t\t\t\t\t<div class=\"elementor-element elementor-element-9ee6b65 elementor-widget elementor-widget-heading\" data-id=\"9ee6b65\" data-element_type=\"widget\" data-e-type=\"widget\" data-widget_type=\"heading.default\">\n\t\t\t\t<div class=\"elementor-widget-container\">\n\t\t\t\t\t<h2 class=\"elementor-heading-title elementor-size-default\">Tous organis\u00e9s<\/h2>\t\t\t\t<\/div>\n\t\t\t\t<\/div>\n\t\t\t\t<div class=\"elementor-element elementor-element-544a86db elementor-widget elementor-widget-text-editor\" data-id=\"544a86db\" data-element_type=\"widget\" data-e-type=\"widget\" data-widget_type=\"text-editor.default\">\n\t\t\t\t<div class=\"elementor-widget-container\">\n\t\t\t\t\t\t\t\t\t<p>Une cuisine avec rien en vue mais tout \u00e0 port\u00e9e de main ? Ou pr\u00e9f\u00e9rez-vous exposer votre galerie d&rsquo;huiles, de vins et d&rsquo;\u00e9pices ? Nous avons des accessoires et des solutions pour tout.<\/p>\t\t\t\t\t\t\t\t<\/div>\n\t\t\t\t<\/div>\n\t\t\t\t\t<\/div>\n\t\t<\/div>\n\t\t\t\t<div class=\"elementor-column elementor-col-50 elementor-top-column elementor-element elementor-element-1d50b329\" data-id=\"1d50b329\" data-element_type=\"column\" data-e-type=\"column\" data-settings=\"{&quot;background_background&quot;:&quot;classic&quot;}\">\n\t\t\t<div class=\"elementor-widget-wrap elementor-element-populated\">\n\t\t\t\t\t\t<div class=\"elementor-element elementor-element-466b8911 elementor-widget elementor-widget-image\" data-id=\"466b8911\" data-element_type=\"widget\" data-e-type=\"widget\" data-widget_type=\"image.default\">\n\t\t\t\t<div class=\"elementor-widget-container\">\n\t\t\t\t\t\t\t\t\t\t\t\t\t\t\t<img decoding=\"async\" width=\"800\" height=\"800\" src=\"https:\/\/nunesematos.pt\/wp-content\/uploads\/2026\/04\/Cozinhas-1-1024x1024.jpg\" class=\"attachment-large size-large wp-image-2130\" alt=\"\" srcset=\"https:\/\/nunesematos.pt\/wp-content\/uploads\/2026\/04\/Cozinhas-1-1024x1024.jpg 1024w, https:\/\/nunesematos.pt\/wp-content\/uploads\/2026\/04\/Cozinhas-1-300x300.jpg 300w, https:\/\/nunesematos.pt\/wp-content\/uploads\/2026\/04\/Cozinhas-1-150x150.jpg 150w, https:\/\/nunesematos.pt\/wp-content\/uploads\/2026\/04\/Cozinhas-1-768x768.jpg 768w, https:\/\/nunesematos.pt\/wp-content\/uploads\/2026\/04\/Cozinhas-1.jpg 1080w\" sizes=\"(max-width: 800px) 100vw, 800px\" \/>\t\t\t\t\t\t\t\t\t\t\t\t\t\t\t<\/div>\n\t\t\t\t<\/div>\n\t\t\t\t\t<\/div>\n\t\t<\/div>\n\t\t\t\t\t<\/div>\n\t\t<\/section>\n\t\t\t\t<section class=\"elementor-section elementor-top-section elementor-element elementor-element-49679bcf elementor-section-boxed elementor-section-height-default elementor-section-height-default\" data-id=\"49679bcf\" data-element_type=\"section\" data-e-type=\"section\">\n\t\t\t\t\t\t<div class=\"elementor-container elementor-column-gap-wide\">\n\t\t\t\t\t<div class=\"elementor-column elementor-col-100 elementor-top-column elementor-element elementor-element-5fdf7916\" data-id=\"5fdf7916\" data-element_type=\"column\" data-e-type=\"column\">\n\t\t\t<div class=\"elementor-widget-wrap elementor-element-populated\">\n\t\t\t\t\t\t<div class=\"elementor-element elementor-element-356f829d elementor-widget elementor-widget-gallery\" data-id=\"356f829d\" data-element_type=\"widget\" data-e-type=\"widget\" data-settings=\"{&quot;gallery_layout&quot;:&quot;justified&quot;,&quot;gap&quot;:{&quot;unit&quot;:&quot;px&quot;,&quot;size&quot;:20,&quot;sizes&quot;:[]},&quot;lazyload&quot;:&quot;yes&quot;,&quot;ideal_row_height&quot;:{&quot;unit&quot;:&quot;px&quot;,&quot;size&quot;:200,&quot;sizes&quot;:[]},&quot;ideal_row_height_tablet&quot;:{&quot;unit&quot;:&quot;px&quot;,&quot;size&quot;:150,&quot;sizes&quot;:[]},&quot;ideal_row_height_mobile&quot;:{&quot;unit&quot;:&quot;px&quot;,&quot;size&quot;:150,&quot;sizes&quot;:[]},&quot;gap_tablet&quot;:{&quot;unit&quot;:&quot;px&quot;,&quot;size&quot;:10,&quot;sizes&quot;:[]},&quot;gap_mobile&quot;:{&quot;unit&quot;:&quot;px&quot;,&quot;size&quot;:10,&quot;sizes&quot;:[]},&quot;link_to&quot;:&quot;file&quot;,&quot;overlay_background&quot;:&quot;yes&quot;,&quot;content_hover_animation&quot;:&quot;fade-in&quot;}\" data-widget_type=\"gallery.default\">\n\t\t\t\t<div class=\"elementor-widget-container\">\n\t\t\t\t\t\t\t<div class=\"elementor-gallery__container\">\n\t\t\t\t\t\t\t<a class=\"e-gallery-item elementor-gallery-item elementor-animated-content\" href=\"https:\/\/nunesematos.pt\/wp-content\/uploads\/2026\/04\/4.jpg\" data-elementor-open-lightbox=\"yes\" data-elementor-lightbox-slideshow=\"356f829d\" data-elementor-lightbox-title=\"4\" data-e-action-hash=\"#elementor-action%3Aaction%3Dlightbox%26settings%3DeyJpZCI6MjAwNCwidXJsIjoiaHR0cHM6XC9cL251bmVzZW1hdG9zLnB0XC93cC1jb250ZW50XC91cGxvYWRzXC8yMDI2XC8wNFwvNC5qcGciLCJzbGlkZXNob3ciOiIzNTZmODI5ZCJ9\">\n\t\t\t\t\t<div class=\"e-gallery-image elementor-gallery-item__image\" data-thumbnail=\"https:\/\/nunesematos.pt\/wp-content\/uploads\/2026\/04\/4.jpg\" data-width=\"1080\" data-height=\"720\" aria-label=\"\" role=\"img\" ><\/div>\n\t\t\t\t\t\t\t\t\t\t\t<div class=\"elementor-gallery-item__overlay\"><\/div>\n\t\t\t\t\t\t\t\t\t\t\t\t\t\t<\/a>\n\t\t\t\t\t\t\t<a class=\"e-gallery-item elementor-gallery-item elementor-animated-content\" href=\"https:\/\/nunesematos.pt\/wp-content\/uploads\/2026\/04\/Cozinhas-4.png\" data-elementor-open-lightbox=\"yes\" data-elementor-lightbox-slideshow=\"356f829d\" data-elementor-lightbox-title=\"Cozinhas 4\" data-e-action-hash=\"#elementor-action%3Aaction%3Dlightbox%26settings%3DeyJpZCI6MjE2MCwidXJsIjoiaHR0cHM6XC9cL251bmVzZW1hdG9zLnB0XC93cC1jb250ZW50XC91cGxvYWRzXC8yMDI2XC8wNFwvQ296aW5oYXMtNC5wbmciLCJzbGlkZXNob3ciOiIzNTZmODI5ZCJ9\">\n\t\t\t\t\t<div class=\"e-gallery-image elementor-gallery-item__image\" data-thumbnail=\"https:\/\/nunesematos.pt\/wp-content\/uploads\/2026\/04\/Cozinhas-4.png\" data-width=\"1080\" data-height=\"1080\" aria-label=\"\" role=\"img\" ><\/div>\n\t\t\t\t\t\t\t\t\t\t\t<div class=\"elementor-gallery-item__overlay\"><\/div>\n\t\t\t\t\t\t\t\t\t\t\t\t\t\t<\/a>\n\t\t\t\t\t\t\t<a class=\"e-gallery-item elementor-gallery-item elementor-animated-content\" href=\"https:\/\/nunesematos.pt\/wp-content\/uploads\/2026\/04\/Destaque-Cozinha.jpg\" data-elementor-open-lightbox=\"yes\" data-elementor-lightbox-slideshow=\"356f829d\" data-elementor-lightbox-title=\"Destaque Cozinha\" data-e-action-hash=\"#elementor-action%3Aaction%3Dlightbox%26settings%3DeyJpZCI6MTk3OCwidXJsIjoiaHR0cHM6XC9cL251bmVzZW1hdG9zLnB0XC93cC1jb250ZW50XC91cGxvYWRzXC8yMDI2XC8wNFwvRGVzdGFxdWUtQ296aW5oYS5qcGciLCJzbGlkZXNob3ciOiIzNTZmODI5ZCJ9\">\n\t\t\t\t\t<div class=\"e-gallery-image elementor-gallery-item__image\" data-thumbnail=\"https:\/\/nunesematos.pt\/wp-content\/uploads\/2026\/04\/Destaque-Cozinha.jpg\" data-width=\"1080\" data-height=\"720\" aria-label=\"\" role=\"img\" ><\/div>\n\t\t\t\t\t\t\t\t\t\t\t<div class=\"elementor-gallery-item__overlay\"><\/div>\n\t\t\t\t\t\t\t\t\t\t\t\t\t\t<\/a>\n\t\t\t\t\t\t\t<a class=\"e-gallery-item elementor-gallery-item elementor-animated-content\" href=\"https:\/\/nunesematos.pt\/wp-content\/uploads\/2026\/04\/Cozinhas-5.png\" data-elementor-open-lightbox=\"yes\" data-elementor-lightbox-slideshow=\"356f829d\" data-elementor-lightbox-title=\"Cozinhas 5\" data-e-action-hash=\"#elementor-action%3Aaction%3Dlightbox%26settings%3DeyJpZCI6MjE1NywidXJsIjoiaHR0cHM6XC9cL251bmVzZW1hdG9zLnB0XC93cC1jb250ZW50XC91cGxvYWRzXC8yMDI2XC8wNFwvQ296aW5oYXMtNS5wbmciLCJzbGlkZXNob3ciOiIzNTZmODI5ZCJ9\">\n\t\t\t\t\t<div class=\"e-gallery-image elementor-gallery-item__image\" data-thumbnail=\"https:\/\/nunesematos.pt\/wp-content\/uploads\/2026\/04\/Cozinhas-5.png\" data-width=\"1080\" data-height=\"1080\" aria-label=\"\" role=\"img\" ><\/div>\n\t\t\t\t\t\t\t\t\t\t\t<div class=\"elementor-gallery-item__overlay\"><\/div>\n\t\t\t\t\t\t\t\t\t\t\t\t\t\t<\/a>\n\t\t\t\t\t\t\t<a class=\"e-gallery-item elementor-gallery-item elementor-animated-content\" href=\"https:\/\/nunesematos.pt\/wp-content\/uploads\/2026\/04\/Cozinha3.jpg\" data-elementor-open-lightbox=\"yes\" data-elementor-lightbox-slideshow=\"356f829d\" data-elementor-lightbox-title=\"Cozinha3\" data-e-action-hash=\"#elementor-action%3Aaction%3Dlightbox%26settings%3DeyJpZCI6MjE0MiwidXJsIjoiaHR0cHM6XC9cL251bmVzZW1hdG9zLnB0XC93cC1jb250ZW50XC91cGxvYWRzXC8yMDI2XC8wNFwvQ296aW5oYTMuanBnIiwic2xpZGVzaG93IjoiMzU2ZjgyOWQifQ%3D%3D\">\n\t\t\t\t\t<div class=\"e-gallery-image elementor-gallery-item__image\" data-thumbnail=\"https:\/\/nunesematos.pt\/wp-content\/uploads\/2026\/04\/Cozinha3.jpg\" data-width=\"1080\" data-height=\"720\" aria-label=\"\" role=\"img\" ><\/div>\n\t\t\t\t\t\t\t\t\t\t\t<div class=\"elementor-gallery-item__overlay\"><\/div>\n\t\t\t\t\t\t\t\t\t\t\t\t\t\t<\/a>\n\t\t\t\t\t\t\t<a class=\"e-gallery-item elementor-gallery-item elementor-animated-content\" href=\"https:\/\/nunesematos.pt\/wp-content\/uploads\/2026\/04\/Cozinhas-6.png\" data-elementor-open-lightbox=\"yes\" data-elementor-lightbox-slideshow=\"356f829d\" data-elementor-lightbox-title=\"Cozinhas 6\" data-e-action-hash=\"#elementor-action%3Aaction%3Dlightbox%26settings%3DeyJpZCI6MjE1NCwidXJsIjoiaHR0cHM6XC9cL251bmVzZW1hdG9zLnB0XC93cC1jb250ZW50XC91cGxvYWRzXC8yMDI2XC8wNFwvQ296aW5oYXMtNi5wbmciLCJzbGlkZXNob3ciOiIzNTZmODI5ZCJ9\">\n\t\t\t\t\t<div class=\"e-gallery-image elementor-gallery-item__image\" data-thumbnail=\"https:\/\/nunesematos.pt\/wp-content\/uploads\/2026\/04\/Cozinhas-6.png\" data-width=\"1080\" data-height=\"1080\" aria-label=\"\" role=\"img\" ><\/div>\n\t\t\t\t\t\t\t\t\t\t\t<div class=\"elementor-gallery-item__overlay\"><\/div>\n\t\t\t\t\t\t\t\t\t\t\t\t\t\t<\/a>\n\t\t\t\t\t\t\t<a class=\"e-gallery-item elementor-gallery-item elementor-animated-content\" href=\"https:\/\/nunesematos.pt\/wp-content\/uploads\/2026\/04\/Cozinha4.jpg\" data-elementor-open-lightbox=\"yes\" data-elementor-lightbox-slideshow=\"356f829d\" data-elementor-lightbox-title=\"Cozinha4\" data-e-action-hash=\"#elementor-action%3Aaction%3Dlightbox%26settings%3DeyJpZCI6MjE0NSwidXJsIjoiaHR0cHM6XC9cL251bmVzZW1hdG9zLnB0XC93cC1jb250ZW50XC91cGxvYWRzXC8yMDI2XC8wNFwvQ296aW5oYTQuanBnIiwic2xpZGVzaG93IjoiMzU2ZjgyOWQifQ%3D%3D\">\n\t\t\t\t\t<div class=\"e-gallery-image elementor-gallery-item__image\" data-thumbnail=\"https:\/\/nunesematos.pt\/wp-content\/uploads\/2026\/04\/Cozinha4.jpg\" data-width=\"1080\" data-height=\"720\" aria-label=\"\" role=\"img\" ><\/div>\n\t\t\t\t\t\t\t\t\t\t\t<div class=\"elementor-gallery-item__overlay\"><\/div>\n\t\t\t\t\t\t\t\t\t\t\t\t\t\t<\/a>\n\t\t\t\t\t\t\t<a class=\"e-gallery-item elementor-gallery-item elementor-animated-content\" href=\"https:\/\/nunesematos.pt\/wp-content\/uploads\/2026\/04\/Cozinhas-3.png\" data-elementor-open-lightbox=\"yes\" data-elementor-lightbox-slideshow=\"356f829d\" data-elementor-lightbox-title=\"Cozinhas 3\" data-e-action-hash=\"#elementor-action%3Aaction%3Dlightbox%26settings%3DeyJpZCI6MjE1MSwidXJsIjoiaHR0cHM6XC9cL251bmVzZW1hdG9zLnB0XC93cC1jb250ZW50XC91cGxvYWRzXC8yMDI2XC8wNFwvQ296aW5oYXMtMy5wbmciLCJzbGlkZXNob3ciOiIzNTZmODI5ZCJ9\">\n\t\t\t\t\t<div class=\"e-gallery-image elementor-gallery-item__image\" data-thumbnail=\"https:\/\/nunesematos.pt\/wp-content\/uploads\/2026\/04\/Cozinhas-3.png\" data-width=\"1080\" data-height=\"1080\" aria-label=\"\" role=\"img\" ><\/div>\n\t\t\t\t\t\t\t\t\t\t\t<div class=\"elementor-gallery-item__overlay\"><\/div>\n\t\t\t\t\t\t\t\t\t\t\t\t\t\t<\/a>\n\t\t\t\t\t\t\t<a class=\"e-gallery-item elementor-gallery-item elementor-animated-content\" href=\"https:\/\/nunesematos.pt\/wp-content\/uploads\/2026\/04\/Cozinha5.jpg\" data-elementor-open-lightbox=\"yes\" data-elementor-lightbox-slideshow=\"356f829d\" data-elementor-lightbox-title=\"Cozinha5\" data-e-action-hash=\"#elementor-action%3Aaction%3Dlightbox%26settings%3DeyJpZCI6MjE0OCwidXJsIjoiaHR0cHM6XC9cL251bmVzZW1hdG9zLnB0XC93cC1jb250ZW50XC91cGxvYWRzXC8yMDI2XC8wNFwvQ296aW5oYTUuanBnIiwic2xpZGVzaG93IjoiMzU2ZjgyOWQifQ%3D%3D\">\n\t\t\t\t\t<div class=\"e-gallery-image elementor-gallery-item__image\" data-thumbnail=\"https:\/\/nunesematos.pt\/wp-content\/uploads\/2026\/04\/Cozinha5.jpg\" data-width=\"1080\" data-height=\"720\" aria-label=\"\" role=\"img\" ><\/div>\n\t\t\t\t\t\t\t\t\t\t\t<div class=\"elementor-gallery-item__overlay\"><\/div>\n\t\t\t\t\t\t\t\t\t\t\t\t\t\t<\/a>\n\t\t\t\t\t<\/div>\n\t\t\t\t\t<\/div>\n\t\t\t\t<\/div>\n\t\t\t\t\t<\/div>\n\t\t<\/div>\n\t\t\t\t\t<\/div>\n\t\t<\/section>\n\t\t\t\t<\/div>\n\t\t","protected":false},"excerpt":{"rendered":"<p>Des cuisines sur mesure con\u00e7ues pour votre vie quotidienne. Conception, fonctionnalit\u00e9 et qualit\u00e9 Bien plus qu&rsquo;un projet de design, nous r\u00e9alisons pour vous une cuisine belle, pratique et plus logique. Parce que nous concevons sur mesure et avec du sens. Tous organis\u00e9s Une cuisine avec rien en vue mais tout \u00e0 port\u00e9e de main ? [&hellip;]<\/p>\n","protected":false},"author":1,"featured_media":0,"parent":0,"menu_order":0,"comment_status":"closed","ping_status":"closed","template":"elementor_header_footer","meta":{"footnotes":""},"class_list":["post-1364","page","type-page","status-publish","hentry"],"_links":{"self":[{"href":"https:\/\/nunesematos.pt\/fr\/wp-json\/wp\/v2\/pages\/1364","targetHints":{"allow":["GET"]}}],"collection":[{"href":"https:\/\/nunesematos.pt\/fr\/wp-json\/wp\/v2\/pages"}],"about":[{"href":"https:\/\/nunesematos.pt\/fr\/wp-json\/wp\/v2\/types\/page"}],"author":[{"embeddable":true,"href":"https:\/\/nunesematos.pt\/fr\/wp-json\/wp\/v2\/users\/1"}],"replies":[{"embeddable":true,"href":"https:\/\/nunesematos.pt\/fr\/wp-json\/wp\/v2\/comments?post=1364"}],"version-history":[{"count":15,"href":"https:\/\/nunesematos.pt\/fr\/wp-json\/wp\/v2\/pages\/1364\/revisions"}],"predecessor-version":[{"id":2766,"href":"https:\/\/nunesematos.pt\/fr\/wp-json\/wp\/v2\/pages\/1364\/revisions\/2766"}],"wp:attachment":[{"href":"https:\/\/nunesematos.pt\/fr\/wp-json\/wp\/v2\/media?parent=1364"}],"curies":[{"name":"wp","href":"https:\/\/api.w.org\/{rel}","templated":true}]}}