


{"id":1369,"date":"2022-11-02T15:58:24","date_gmt":"2022-11-02T15:58:24","guid":{"rendered":"https:\/\/nunesematos.pt\/meubles-decoratifs\/"},"modified":"2026-04-29T20:58:25","modified_gmt":"2026-04-29T20:58:25","slug":"meubles-decoratifs","status":"publish","type":"page","link":"https:\/\/nunesematos.pt\/fr\/meubles-decoratifs\/","title":{"rendered":"Projets"},"content":{"rendered":"\t\t<div data-elementor-type=\"wp-page\" data-elementor-id=\"1369\" class=\"elementor elementor-1369 elementor-1024\" data-elementor-post-type=\"page\">\n\t\t\t\t\t\t<section class=\"elementor-section elementor-top-section elementor-element elementor-element-6336eb85 elementor-section-boxed elementor-section-height-default elementor-section-height-default\" data-id=\"6336eb85\" data-element_type=\"section\" data-e-type=\"section\" data-settings=\"{&quot;background_background&quot;:&quot;classic&quot;}\">\n\t\t\t\t\t\t\t<div class=\"elementor-background-overlay\"><\/div>\n\t\t\t\t\t\t\t<div class=\"elementor-container elementor-column-gap-wide\">\n\t\t\t\t\t<div class=\"elementor-column elementor-col-100 elementor-top-column elementor-element elementor-element-26c5b8d8\" data-id=\"26c5b8d8\" data-element_type=\"column\" data-e-type=\"column\">\n\t\t\t<div class=\"elementor-widget-wrap elementor-element-populated\">\n\t\t\t\t\t\t<div class=\"elementor-element elementor-element-2672071 elementor-widget elementor-widget-heading\" data-id=\"2672071\" data-element_type=\"widget\" data-e-type=\"widget\" data-widget_type=\"heading.default\">\n\t\t\t\t<div class=\"elementor-widget-container\">\n\t\t\t\t\t<h1 class=\"elementor-heading-title elementor-size-default\">Projets<\/h1>\t\t\t\t<\/div>\n\t\t\t\t<\/div>\n\t\t\t\t<div class=\"elementor-element elementor-element-1064255 elementor-widget-divider--view-line elementor-widget elementor-widget-divider\" data-id=\"1064255\" data-element_type=\"widget\" data-e-type=\"widget\" data-widget_type=\"divider.default\">\n\t\t\t\t<div class=\"elementor-widget-container\">\n\t\t\t\t\t\t\t<div class=\"elementor-divider\">\n\t\t\t<span class=\"elementor-divider-separator\">\n\t\t\t\t\t\t<\/span>\n\t\t<\/div>\n\t\t\t\t\t\t<\/div>\n\t\t\t\t<\/div>\n\t\t\t\t<div class=\"elementor-element elementor-element-f5de600 elementor-widget elementor-widget-text-editor\" data-id=\"f5de600\" data-element_type=\"widget\" data-e-type=\"widget\" data-widget_type=\"text-editor.default\">\n\t\t\t\t<div class=\"elementor-widget-container\">\n\t\t\t\t\t\t\t\t\t<div class=\"c-category-description\"><div id=\"category_description_short\" class=\"t-body__text c-category-description__text c-category-description__text--short\"><p class=\"p1\">Des projets qui prennent vie dans les moindres d\u00e9tails.<\/p><\/div><\/div>\t\t\t\t\t\t\t\t<\/div>\n\t\t\t\t<\/div>\n\t\t\t\t\t<\/div>\n\t\t<\/div>\n\t\t\t\t\t<\/div>\n\t\t<\/section>\n\t\t\t\t<section class=\"elementor-section elementor-top-section elementor-element elementor-element-32a20ea elementor-section-boxed elementor-section-height-default elementor-section-height-default\" data-id=\"32a20ea\" data-element_type=\"section\" data-e-type=\"section\">\n\t\t\t\t\t\t<div class=\"elementor-container elementor-column-gap-wide\">\n\t\t\t\t\t<div class=\"elementor-column elementor-col-50 elementor-top-column elementor-element elementor-element-36b7b7fa\" data-id=\"36b7b7fa\" data-element_type=\"column\" data-e-type=\"column\" data-settings=\"{&quot;background_background&quot;:&quot;classic&quot;}\">\n\t\t\t<div class=\"elementor-widget-wrap elementor-element-populated\">\n\t\t\t\t\t\t<div class=\"elementor-element elementor-element-9af0d0e elementor-widget elementor-widget-image\" data-id=\"9af0d0e\" data-element_type=\"widget\" data-e-type=\"widget\" data-widget_type=\"image.default\">\n\t\t\t\t<div class=\"elementor-widget-container\">\n\t\t\t\t\t\t\t\t\t\t\t\t\t\t\t<img fetchpriority=\"high\" decoding=\"async\" width=\"1080\" height=\"1080\" src=\"https:\/\/nunesematos.pt\/wp-content\/uploads\/2026\/04\/Destaque-Projetos.jpg\" class=\"attachment-full size-full wp-image-2375\" alt=\"\" srcset=\"https:\/\/nunesematos.pt\/wp-content\/uploads\/2026\/04\/Destaque-Projetos.jpg 1080w, https:\/\/nunesematos.pt\/wp-content\/uploads\/2026\/04\/Destaque-Projetos-300x300.jpg 300w, https:\/\/nunesematos.pt\/wp-content\/uploads\/2026\/04\/Destaque-Projetos-1024x1024.jpg 1024w, https:\/\/nunesematos.pt\/wp-content\/uploads\/2026\/04\/Destaque-Projetos-150x150.jpg 150w, https:\/\/nunesematos.pt\/wp-content\/uploads\/2026\/04\/Destaque-Projetos-768x768.jpg 768w\" sizes=\"(max-width: 1080px) 100vw, 1080px\" \/>\t\t\t\t\t\t\t\t\t\t\t\t\t\t\t<\/div>\n\t\t\t\t<\/div>\n\t\t\t\t\t<\/div>\n\t\t<\/div>\n\t\t\t\t<div class=\"elementor-column elementor-col-50 elementor-top-column elementor-element elementor-element-5268c409\" data-id=\"5268c409\" data-element_type=\"column\" data-e-type=\"column\">\n\t\t\t<div class=\"elementor-widget-wrap elementor-element-populated\">\n\t\t\t\t\t\t<div class=\"elementor-element elementor-element-1b359993 elementor-widget elementor-widget-heading\" data-id=\"1b359993\" data-element_type=\"widget\" data-e-type=\"widget\" data-widget_type=\"heading.default\">\n\t\t\t\t<div class=\"elementor-widget-container\">\n\t\t\t\t\t<h2 class=\"elementor-heading-title elementor-size-default\">Des projets r\u00e9els, pens\u00e9s en d\u00e9tail<\/h2>\t\t\t\t<\/div>\n\t\t\t\t<\/div>\n\t\t\t\t<div class=\"elementor-element elementor-element-5aa498a elementor-widget elementor-widget-text-editor\" data-id=\"5aa498a\" data-element_type=\"widget\" data-e-type=\"widget\" data-widget_type=\"text-editor.default\">\n\t\t\t\t<div class=\"elementor-widget-container\">\n\t\t\t\t\t\t\t\t\t<div class=\"c-category-description\"><div id=\"category_description_full\" class=\"t-body__text c-category-description__text\"><p>De l&rsquo;id\u00e9e \u00e0 l&rsquo;installation, chaque projet est d\u00e9velopp\u00e9 avec pr\u00e9cision, avec des mat\u00e9riaux s\u00e9lectionn\u00e9s et avec le souci du d\u00e9tail.<\/p><\/div><\/div>\t\t\t\t\t\t\t\t<\/div>\n\t\t\t\t<\/div>\n\t\t\t\t\t<\/div>\n\t\t<\/div>\n\t\t\t\t\t<\/div>\n\t\t<\/section>\n\t\t\t\t<section class=\"elementor-section elementor-top-section elementor-element elementor-element-527bec55 elementor-section-boxed elementor-section-height-default elementor-section-height-default\" data-id=\"527bec55\" data-element_type=\"section\" data-e-type=\"section\">\n\t\t\t\t\t\t<div class=\"elementor-container elementor-column-gap-wide\">\n\t\t\t\t\t<div class=\"elementor-column elementor-col-100 elementor-top-column elementor-element elementor-element-34ad4acc\" data-id=\"34ad4acc\" data-element_type=\"column\" data-e-type=\"column\">\n\t\t\t<div class=\"elementor-widget-wrap elementor-element-populated\">\n\t\t\t\t\t\t<div class=\"elementor-element elementor-element-34bc2fb elementor-widget elementor-widget-gallery\" data-id=\"34bc2fb\" data-element_type=\"widget\" data-e-type=\"widget\" data-settings=\"{&quot;gallery_layout&quot;:&quot;justified&quot;,&quot;gap&quot;:{&quot;unit&quot;:&quot;px&quot;,&quot;size&quot;:20,&quot;sizes&quot;:[]},&quot;lazyload&quot;:&quot;yes&quot;,&quot;ideal_row_height&quot;:{&quot;unit&quot;:&quot;px&quot;,&quot;size&quot;:200,&quot;sizes&quot;:[]},&quot;ideal_row_height_tablet&quot;:{&quot;unit&quot;:&quot;px&quot;,&quot;size&quot;:150,&quot;sizes&quot;:[]},&quot;ideal_row_height_mobile&quot;:{&quot;unit&quot;:&quot;px&quot;,&quot;size&quot;:150,&quot;sizes&quot;:[]},&quot;gap_tablet&quot;:{&quot;unit&quot;:&quot;px&quot;,&quot;size&quot;:10,&quot;sizes&quot;:[]},&quot;gap_mobile&quot;:{&quot;unit&quot;:&quot;px&quot;,&quot;size&quot;:10,&quot;sizes&quot;:[]},&quot;link_to&quot;:&quot;file&quot;,&quot;overlay_background&quot;:&quot;yes&quot;,&quot;content_hover_animation&quot;:&quot;fade-in&quot;}\" data-widget_type=\"gallery.default\">\n\t\t\t\t<div class=\"elementor-widget-container\">\n\t\t\t\t\t\t\t<div class=\"elementor-gallery__container\">\n\t\t\t\t\t\t\t<a class=\"e-gallery-item elementor-gallery-item elementor-animated-content\" href=\"https:\/\/nunesematos.pt\/wp-content\/uploads\/2026\/04\/Projetos_1.jpg\" data-elementor-open-lightbox=\"yes\" data-elementor-lightbox-slideshow=\"34bc2fb\" data-elementor-lightbox-title=\"Projetos_1\" data-e-action-hash=\"#elementor-action%3Aaction%3Dlightbox%26settings%3DeyJpZCI6MjYwMSwidXJsIjoiaHR0cHM6XC9cL251bmVzZW1hdG9zLnB0XC93cC1jb250ZW50XC91cGxvYWRzXC8yMDI2XC8wNFwvUHJvamV0b3NfMS5qcGciLCJzbGlkZXNob3ciOiIzNGJjMmZiIn0%3D\">\n\t\t\t\t\t<div class=\"e-gallery-image elementor-gallery-item__image\" data-thumbnail=\"https:\/\/nunesematos.pt\/wp-content\/uploads\/2026\/04\/Projetos_1.jpg\" data-width=\"1080\" data-height=\"720\" aria-label=\"\" role=\"img\" ><\/div>\n\t\t\t\t\t\t\t\t\t\t\t<div class=\"elementor-gallery-item__overlay\"><\/div>\n\t\t\t\t\t\t\t\t\t\t\t\t\t\t<\/a>\n\t\t\t\t\t\t\t<a class=\"e-gallery-item elementor-gallery-item elementor-animated-content\" href=\"https:\/\/nunesematos.pt\/wp-content\/uploads\/2026\/04\/Projetos4x4_4.jpg\" data-elementor-open-lightbox=\"yes\" data-elementor-lightbox-slideshow=\"34bc2fb\" data-elementor-lightbox-title=\"Projetos4x4_4\" data-e-action-hash=\"#elementor-action%3Aaction%3Dlightbox%26settings%3DeyJpZCI6MjYzNCwidXJsIjoiaHR0cHM6XC9cL251bmVzZW1hdG9zLnB0XC93cC1jb250ZW50XC91cGxvYWRzXC8yMDI2XC8wNFwvUHJvamV0b3M0eDRfNC5qcGciLCJzbGlkZXNob3ciOiIzNGJjMmZiIn0%3D\">\n\t\t\t\t\t<div class=\"e-gallery-image elementor-gallery-item__image\" data-thumbnail=\"https:\/\/nunesematos.pt\/wp-content\/uploads\/2026\/04\/Projetos4x4_4.jpg\" data-width=\"1080\" data-height=\"1080\" aria-label=\"\" role=\"img\" ><\/div>\n\t\t\t\t\t\t\t\t\t\t\t<div class=\"elementor-gallery-item__overlay\"><\/div>\n\t\t\t\t\t\t\t\t\t\t\t\t\t\t<\/a>\n\t\t\t\t\t\t\t<a class=\"e-gallery-item elementor-gallery-item elementor-animated-content\" href=\"https:\/\/nunesematos.pt\/wp-content\/uploads\/2026\/04\/Projetos_2.jpg\" data-elementor-open-lightbox=\"yes\" data-elementor-lightbox-slideshow=\"34bc2fb\" data-elementor-lightbox-title=\"Projetos_2\" data-e-action-hash=\"#elementor-action%3Aaction%3Dlightbox%26settings%3DeyJpZCI6MjYwNCwidXJsIjoiaHR0cHM6XC9cL251bmVzZW1hdG9zLnB0XC93cC1jb250ZW50XC91cGxvYWRzXC8yMDI2XC8wNFwvUHJvamV0b3NfMi5qcGciLCJzbGlkZXNob3ciOiIzNGJjMmZiIn0%3D\">\n\t\t\t\t\t<div class=\"e-gallery-image elementor-gallery-item__image\" data-thumbnail=\"https:\/\/nunesematos.pt\/wp-content\/uploads\/2026\/04\/Projetos_2.jpg\" data-width=\"1080\" data-height=\"720\" aria-label=\"\" role=\"img\" ><\/div>\n\t\t\t\t\t\t\t\t\t\t\t<div class=\"elementor-gallery-item__overlay\"><\/div>\n\t\t\t\t\t\t\t\t\t\t\t\t\t\t<\/a>\n\t\t\t\t\t\t\t<a class=\"e-gallery-item elementor-gallery-item elementor-animated-content\" href=\"https:\/\/nunesematos.pt\/wp-content\/uploads\/2026\/04\/Projetos4x4_6.jpg\" data-elementor-open-lightbox=\"yes\" data-elementor-lightbox-slideshow=\"34bc2fb\" data-elementor-lightbox-title=\"Projetos4x4_6\" data-e-action-hash=\"#elementor-action%3Aaction%3Dlightbox%26settings%3DeyJpZCI6MjY0MCwidXJsIjoiaHR0cHM6XC9cL251bmVzZW1hdG9zLnB0XC93cC1jb250ZW50XC91cGxvYWRzXC8yMDI2XC8wNFwvUHJvamV0b3M0eDRfNi5qcGciLCJzbGlkZXNob3ciOiIzNGJjMmZiIn0%3D\">\n\t\t\t\t\t<div class=\"e-gallery-image elementor-gallery-item__image\" data-thumbnail=\"https:\/\/nunesematos.pt\/wp-content\/uploads\/2026\/04\/Projetos4x4_6.jpg\" data-width=\"1080\" data-height=\"1080\" aria-label=\"\" role=\"img\" ><\/div>\n\t\t\t\t\t\t\t\t\t\t\t<div class=\"elementor-gallery-item__overlay\"><\/div>\n\t\t\t\t\t\t\t\t\t\t\t\t\t\t<\/a>\n\t\t\t\t\t\t\t<a class=\"e-gallery-item elementor-gallery-item elementor-animated-content\" href=\"https:\/\/nunesematos.pt\/wp-content\/uploads\/2026\/04\/Projetos_4.jpg\" data-elementor-open-lightbox=\"yes\" data-elementor-lightbox-slideshow=\"34bc2fb\" data-elementor-lightbox-title=\"Projetos_4\" data-e-action-hash=\"#elementor-action%3Aaction%3Dlightbox%26settings%3DeyJpZCI6MjYxMCwidXJsIjoiaHR0cHM6XC9cL251bmVzZW1hdG9zLnB0XC93cC1jb250ZW50XC91cGxvYWRzXC8yMDI2XC8wNFwvUHJvamV0b3NfNC5qcGciLCJzbGlkZXNob3ciOiIzNGJjMmZiIn0%3D\">\n\t\t\t\t\t<div class=\"e-gallery-image elementor-gallery-item__image\" data-thumbnail=\"https:\/\/nunesematos.pt\/wp-content\/uploads\/2026\/04\/Projetos_4.jpg\" data-width=\"1080\" data-height=\"720\" aria-label=\"\" role=\"img\" ><\/div>\n\t\t\t\t\t\t\t\t\t\t\t<div class=\"elementor-gallery-item__overlay\"><\/div>\n\t\t\t\t\t\t\t\t\t\t\t\t\t\t<\/a>\n\t\t\t\t\t\t\t<a class=\"e-gallery-item elementor-gallery-item elementor-animated-content\" href=\"https:\/\/nunesematos.pt\/wp-content\/uploads\/2026\/04\/Projetos4x4_10.jpg\" data-elementor-open-lightbox=\"yes\" data-elementor-lightbox-slideshow=\"34bc2fb\" data-elementor-lightbox-title=\"Projetos4x4_10\" data-e-action-hash=\"#elementor-action%3Aaction%3Dlightbox%26settings%3DeyJpZCI6MjYxNiwidXJsIjoiaHR0cHM6XC9cL251bmVzZW1hdG9zLnB0XC93cC1jb250ZW50XC91cGxvYWRzXC8yMDI2XC8wNFwvUHJvamV0b3M0eDRfMTAuanBnIiwic2xpZGVzaG93IjoiMzRiYzJmYiJ9\">\n\t\t\t\t\t<div class=\"e-gallery-image elementor-gallery-item__image\" data-thumbnail=\"https:\/\/nunesematos.pt\/wp-content\/uploads\/2026\/04\/Projetos4x4_10.jpg\" data-width=\"1080\" data-height=\"1080\" aria-label=\"\" role=\"img\" ><\/div>\n\t\t\t\t\t\t\t\t\t\t\t<div class=\"elementor-gallery-item__overlay\"><\/div>\n\t\t\t\t\t\t\t\t\t\t\t\t\t\t<\/a>\n\t\t\t\t\t\t\t<a class=\"e-gallery-item elementor-gallery-item elementor-animated-content\" href=\"https:\/\/nunesematos.pt\/wp-content\/uploads\/2026\/04\/Projetos4x4_8.jpg\" data-elementor-open-lightbox=\"yes\" data-elementor-lightbox-slideshow=\"34bc2fb\" data-elementor-lightbox-title=\"Projetos4x4_8\" data-e-action-hash=\"#elementor-action%3Aaction%3Dlightbox%26settings%3DeyJpZCI6MjYyMiwidXJsIjoiaHR0cHM6XC9cL251bmVzZW1hdG9zLnB0XC93cC1jb250ZW50XC91cGxvYWRzXC8yMDI2XC8wNFwvUHJvamV0b3M0eDRfOC5qcGciLCJzbGlkZXNob3ciOiIzNGJjMmZiIn0%3D\">\n\t\t\t\t\t<div class=\"e-gallery-image elementor-gallery-item__image\" data-thumbnail=\"https:\/\/nunesematos.pt\/wp-content\/uploads\/2026\/04\/Projetos4x4_8.jpg\" data-width=\"1080\" data-height=\"1080\" aria-label=\"\" role=\"img\" ><\/div>\n\t\t\t\t\t\t\t\t\t\t\t<div class=\"elementor-gallery-item__overlay\"><\/div>\n\t\t\t\t\t\t\t\t\t\t\t\t\t\t<\/a>\n\t\t\t\t\t\t\t<a class=\"e-gallery-item elementor-gallery-item elementor-animated-content\" href=\"https:\/\/nunesematos.pt\/wp-content\/uploads\/2026\/04\/Projetos4x4_7.jpg\" data-elementor-open-lightbox=\"yes\" data-elementor-lightbox-slideshow=\"34bc2fb\" data-elementor-lightbox-title=\"Projetos4x4_7\" data-e-action-hash=\"#elementor-action%3Aaction%3Dlightbox%26settings%3DeyJpZCI6MjYyNSwidXJsIjoiaHR0cHM6XC9cL251bmVzZW1hdG9zLnB0XC93cC1jb250ZW50XC91cGxvYWRzXC8yMDI2XC8wNFwvUHJvamV0b3M0eDRfNy5qcGciLCJzbGlkZXNob3ciOiIzNGJjMmZiIn0%3D\">\n\t\t\t\t\t<div class=\"e-gallery-image elementor-gallery-item__image\" data-thumbnail=\"https:\/\/nunesematos.pt\/wp-content\/uploads\/2026\/04\/Projetos4x4_7.jpg\" data-width=\"1080\" data-height=\"1080\" aria-label=\"\" role=\"img\" ><\/div>\n\t\t\t\t\t\t\t\t\t\t\t<div class=\"elementor-gallery-item__overlay\"><\/div>\n\t\t\t\t\t\t\t\t\t\t\t\t\t\t<\/a>\n\t\t\t\t\t\t\t<a class=\"e-gallery-item elementor-gallery-item elementor-animated-content\" href=\"https:\/\/nunesematos.pt\/wp-content\/uploads\/2026\/04\/Projetos4x4_5.jpg\" data-elementor-open-lightbox=\"yes\" data-elementor-lightbox-slideshow=\"34bc2fb\" data-elementor-lightbox-title=\"Projetos4x4_5\" data-e-action-hash=\"#elementor-action%3Aaction%3Dlightbox%26settings%3DeyJpZCI6MjYzNywidXJsIjoiaHR0cHM6XC9cL251bmVzZW1hdG9zLnB0XC93cC1jb250ZW50XC91cGxvYWRzXC8yMDI2XC8wNFwvUHJvamV0b3M0eDRfNS5qcGciLCJzbGlkZXNob3ciOiIzNGJjMmZiIn0%3D\">\n\t\t\t\t\t<div class=\"e-gallery-image elementor-gallery-item__image\" data-thumbnail=\"https:\/\/nunesematos.pt\/wp-content\/uploads\/2026\/04\/Projetos4x4_5.jpg\" data-width=\"1080\" data-height=\"1080\" aria-label=\"\" role=\"img\" ><\/div>\n\t\t\t\t\t\t\t\t\t\t\t<div class=\"elementor-gallery-item__overlay\"><\/div>\n\t\t\t\t\t\t\t\t\t\t\t\t\t\t<\/a>\n\t\t\t\t\t\t\t<a class=\"e-gallery-item elementor-gallery-item elementor-animated-content\" href=\"https:\/\/nunesematos.pt\/wp-content\/uploads\/2026\/04\/Projetos4x4_9.jpg\" data-elementor-open-lightbox=\"yes\" data-elementor-lightbox-slideshow=\"34bc2fb\" data-elementor-lightbox-title=\"Projetos4x4_9\" data-e-action-hash=\"#elementor-action%3Aaction%3Dlightbox%26settings%3DeyJpZCI6MjYxOSwidXJsIjoiaHR0cHM6XC9cL251bmVzZW1hdG9zLnB0XC93cC1jb250ZW50XC91cGxvYWRzXC8yMDI2XC8wNFwvUHJvamV0b3M0eDRfOS5qcGciLCJzbGlkZXNob3ciOiIzNGJjMmZiIn0%3D\">\n\t\t\t\t\t<div class=\"e-gallery-image elementor-gallery-item__image\" data-thumbnail=\"https:\/\/nunesematos.pt\/wp-content\/uploads\/2026\/04\/Projetos4x4_9.jpg\" data-width=\"1080\" data-height=\"1080\" aria-label=\"\" role=\"img\" ><\/div>\n\t\t\t\t\t\t\t\t\t\t\t<div class=\"elementor-gallery-item__overlay\"><\/div>\n\t\t\t\t\t\t\t\t\t\t\t\t\t\t<\/a>\n\t\t\t\t\t\t\t<a class=\"e-gallery-item elementor-gallery-item elementor-animated-content\" href=\"https:\/\/nunesematos.pt\/wp-content\/uploads\/2026\/04\/Projetos_3.jpg\" data-elementor-open-lightbox=\"yes\" data-elementor-lightbox-slideshow=\"34bc2fb\" data-elementor-lightbox-title=\"Projetos_3\" data-e-action-hash=\"#elementor-action%3Aaction%3Dlightbox%26settings%3DeyJpZCI6MjYwNywidXJsIjoiaHR0cHM6XC9cL251bmVzZW1hdG9zLnB0XC93cC1jb250ZW50XC91cGxvYWRzXC8yMDI2XC8wNFwvUHJvamV0b3NfMy5qcGciLCJzbGlkZXNob3ciOiIzNGJjMmZiIn0%3D\">\n\t\t\t\t\t<div class=\"e-gallery-image elementor-gallery-item__image\" data-thumbnail=\"https:\/\/nunesematos.pt\/wp-content\/uploads\/2026\/04\/Projetos_3.jpg\" data-width=\"1080\" data-height=\"720\" aria-label=\"\" role=\"img\" ><\/div>\n\t\t\t\t\t\t\t\t\t\t\t<div class=\"elementor-gallery-item__overlay\"><\/div>\n\t\t\t\t\t\t\t\t\t\t\t\t\t\t<\/a>\n\t\t\t\t\t\t\t<a class=\"e-gallery-item elementor-gallery-item elementor-animated-content\" href=\"https:\/\/nunesematos.pt\/wp-content\/uploads\/2026\/04\/Projetos4x4_1.jpg\" data-elementor-open-lightbox=\"yes\" data-elementor-lightbox-slideshow=\"34bc2fb\" data-elementor-lightbox-title=\"Projetos4x4_1\" data-e-action-hash=\"#elementor-action%3Aaction%3Dlightbox%26settings%3DeyJpZCI6MjYxMywidXJsIjoiaHR0cHM6XC9cL251bmVzZW1hdG9zLnB0XC93cC1jb250ZW50XC91cGxvYWRzXC8yMDI2XC8wNFwvUHJvamV0b3M0eDRfMS5qcGciLCJzbGlkZXNob3ciOiIzNGJjMmZiIn0%3D\">\n\t\t\t\t\t<div class=\"e-gallery-image elementor-gallery-item__image\" data-thumbnail=\"https:\/\/nunesematos.pt\/wp-content\/uploads\/2026\/04\/Projetos4x4_1.jpg\" data-width=\"1080\" data-height=\"1080\" aria-label=\"\" role=\"img\" ><\/div>\n\t\t\t\t\t\t\t\t\t\t\t<div class=\"elementor-gallery-item__overlay\"><\/div>\n\t\t\t\t\t\t\t\t\t\t\t\t\t\t<\/a>\n\t\t\t\t\t\t\t<a class=\"e-gallery-item elementor-gallery-item elementor-animated-content\" href=\"https:\/\/nunesematos.pt\/wp-content\/uploads\/2026\/04\/Projetos4x4_2.jpg\" data-elementor-open-lightbox=\"yes\" data-elementor-lightbox-slideshow=\"34bc2fb\" data-elementor-lightbox-title=\"Projetos4x4_2\" data-e-action-hash=\"#elementor-action%3Aaction%3Dlightbox%26settings%3DeyJpZCI6MjYyOCwidXJsIjoiaHR0cHM6XC9cL251bmVzZW1hdG9zLnB0XC93cC1jb250ZW50XC91cGxvYWRzXC8yMDI2XC8wNFwvUHJvamV0b3M0eDRfMi5qcGciLCJzbGlkZXNob3ciOiIzNGJjMmZiIn0%3D\">\n\t\t\t\t\t<div class=\"e-gallery-image elementor-gallery-item__image\" data-thumbnail=\"https:\/\/nunesematos.pt\/wp-content\/uploads\/2026\/04\/Projetos4x4_2.jpg\" data-width=\"1080\" data-height=\"1080\" aria-label=\"\" role=\"img\" ><\/div>\n\t\t\t\t\t\t\t\t\t\t\t<div class=\"elementor-gallery-item__overlay\"><\/div>\n\t\t\t\t\t\t\t\t\t\t\t\t\t\t<\/a>\n\t\t\t\t\t\t\t<a class=\"e-gallery-item elementor-gallery-item elementor-animated-content\" href=\"https:\/\/nunesematos.pt\/wp-content\/uploads\/2026\/04\/Projetos4x4_3.jpg\" data-elementor-open-lightbox=\"yes\" data-elementor-lightbox-slideshow=\"34bc2fb\" data-elementor-lightbox-title=\"Projetos4x4_3\" data-e-action-hash=\"#elementor-action%3Aaction%3Dlightbox%26settings%3DeyJpZCI6MjYzMSwidXJsIjoiaHR0cHM6XC9cL251bmVzZW1hdG9zLnB0XC93cC1jb250ZW50XC91cGxvYWRzXC8yMDI2XC8wNFwvUHJvamV0b3M0eDRfMy5qcGciLCJzbGlkZXNob3ciOiIzNGJjMmZiIn0%3D\">\n\t\t\t\t\t<div class=\"e-gallery-image elementor-gallery-item__image\" data-thumbnail=\"https:\/\/nunesematos.pt\/wp-content\/uploads\/2026\/04\/Projetos4x4_3.jpg\" data-width=\"1080\" data-height=\"1080\" aria-label=\"\" role=\"img\" ><\/div>\n\t\t\t\t\t\t\t\t\t\t\t<div class=\"elementor-gallery-item__overlay\"><\/div>\n\t\t\t\t\t\t\t\t\t\t\t\t\t\t<\/a>\n\t\t\t\t\t<\/div>\n\t\t\t\t\t<\/div>\n\t\t\t\t<\/div>\n\t\t\t\t\t<\/div>\n\t\t<\/div>\n\t\t\t\t\t<\/div>\n\t\t<\/section>\n\t\t\t\t<\/div>\n\t\t","protected":false},"excerpt":{"rendered":"<p>Des projets qui prennent vie dans les moindres d\u00e9tails. Des projets r\u00e9els, pens\u00e9s en d\u00e9tail De l&rsquo;id\u00e9e \u00e0 l&rsquo;installation, chaque projet est d\u00e9velopp\u00e9 avec pr\u00e9cision, avec des mat\u00e9riaux s\u00e9lectionn\u00e9s et avec le souci du d\u00e9tail.<\/p>\n","protected":false},"author":1,"featured_media":0,"parent":0,"menu_order":0,"comment_status":"closed","ping_status":"closed","template":"elementor_header_footer","meta":{"footnotes":""},"class_list":["post-1369","page","type-page","status-publish","hentry"],"_links":{"self":[{"href":"https:\/\/nunesematos.pt\/fr\/wp-json\/wp\/v2\/pages\/1369","targetHints":{"allow":["GET"]}}],"collection":[{"href":"https:\/\/nunesematos.pt\/fr\/wp-json\/wp\/v2\/pages"}],"about":[{"href":"https:\/\/nunesematos.pt\/fr\/wp-json\/wp\/v2\/types\/page"}],"author":[{"embeddable":true,"href":"https:\/\/nunesematos.pt\/fr\/wp-json\/wp\/v2\/users\/1"}],"replies":[{"embeddable":true,"href":"https:\/\/nunesematos.pt\/fr\/wp-json\/wp\/v2\/comments?post=1369"}],"version-history":[{"count":11,"href":"https:\/\/nunesematos.pt\/fr\/wp-json\/wp\/v2\/pages\/1369\/revisions"}],"predecessor-version":[{"id":2771,"href":"https:\/\/nunesematos.pt\/fr\/wp-json\/wp\/v2\/pages\/1369\/revisions\/2771"}],"wp:attachment":[{"href":"https:\/\/nunesematos.pt\/fr\/wp-json\/wp\/v2\/media?parent=1369"}],"curies":[{"name":"wp","href":"https:\/\/api.w.org\/{rel}","templated":true}]}}